{"id":2110,"date":"2026-03-10T12:49:34","date_gmt":"2026-03-10T11:49:34","guid":{"rendered":"http:\/\/otwartyumysl.org\/?page_id=2110"},"modified":"2026-05-11T11:50:00","modified_gmt":"2026-05-11T09:50:00","slug":"aktualnosci-3","status":"publish","type":"page","link":"http:\/\/otwartyumysl.org\/index.php\/aktualnosci-3\/","title":{"rendered":"AKTUALNO\u015aCI"},"content":{"rendered":"<div id=\"pl-2110\"  class=\"panel-layout\" ><div id=\"pg-2110-0\"  class=\"panel-grid panel-no-style\" ><div id=\"pgc-2110-0-0\"  class=\"panel-grid-cell\" >\n\t\t<div id=\"panel-2110-0-0-0\" class=\"so-panel widget widget_recent-posts widget_recent_entries panel-first-child panel-last-child\" data-index=\"0\" >\n\t\t<h3 class=\"widget-title\">Ostatnie wpisy<\/h3><nav aria-label=\"Ostatnie wpisy\">\n\t\t<ul>\n\t\t\t\t\t\t\t\t\t\t\t<li>\n\t\t\t\t\t<a href=\"http:\/\/otwartyumysl.org\/index.php\/2026\/04\/27\/projekt-poradnictwo-psychologiczne-dla-osob-z-niepelnosprawnosciami\/\">PROJEKT \u201ePORADNICTWO PSYCHOLOGICZNE DLA OS\u00d3B Z NIEPE\u0141NOSPRAWNO\u015aCIAMI\u201d<\/a>\n\t\t\t\t\t\t\t\t\t<\/li>\n\t\t\t\t\t\t\t\t\t\t\t<li>\n\t\t\t\t\t<a href=\"http:\/\/otwartyumysl.org\/index.php\/2025\/08\/07\/terapia-zajeciowa-w-schizofrenii-to-codziennosc-ktora-leczy-2\/\">Terapia zaj\u0119ciowa w schizofrenii to codzienno\u015b\u0107, kt\u00f3ra leczy&#8230;<\/a>\n\t\t\t\t\t\t\t\t\t<\/li>\n\t\t\t\t\t\t\t\t\t\t\t<li>\n\t\t\t\t\t<a href=\"http:\/\/otwartyumysl.org\/index.php\/2025\/08\/03\/%f0%9f%8c%bf%f0%9f%92%9a-aktywny-wypoczynek-wsparciem-procesu-zdrowienia-%f0%9f%92%9a%f0%9f%8c%bf\/\">\ud83c\udf3f\ud83d\udc9a Aktywny wypoczynek wsparciem procesu zdrowienia \ud83d\udc9a\ud83c\udf3f<\/a>\n\t\t\t\t\t\t\t\t\t<\/li>\n\t\t\t\t\t\t\t\t\t\t\t<li>\n\t\t\t\t\t<a href=\"http:\/\/otwartyumysl.org\/index.php\/2025\/06\/13\/audycja-czlowiek-czlowiekowi\/\">Audycja Cz\u0142owiek Cz\u0142owiekowi<\/a>\n\t\t\t\t\t\t\t\t\t<\/li>\n\t\t\t\t\t\t\t\t\t\t\t<li>\n\t\t\t\t\t<a href=\"http:\/\/otwartyumysl.org\/index.php\/2025\/05\/28\/poradnictwo-psychologiczne-dla-osob-z-niepelnosprawnosciami\/\">\u201ePoradnictwo psychologiczne dla os\u00f3b z niepe\u0142nosprawno\u015bciami\u201d<\/a>\n\t\t\t\t\t\t\t\t\t<\/li>\n\t\t\t\t\t\t\t\t\t\t\t<li>\n\t\t\t\t\t<a href=\"http:\/\/otwartyumysl.org\/index.php\/2025\/05\/22\/aktywna-rehabilitacja-wsparcie-dla-osob-z-niepelnosprawnosciami\/\">\u201eAktywna rehabilitacja \u2013 wsparcie dla os\u00f3b z niepe\u0142nosprawno\u015bciami\u201d<\/a>\n\t\t\t\t\t\t\t\t\t<\/li>\n\t\t\t\t\t\t\t\t\t\t\t<li>\n\t\t\t\t\t<a href=\"http:\/\/otwartyumysl.org\/index.php\/2025\/05\/20\/1867\/\">,,Dzienny O\u015brodek Wsparcia&#8230;&#8221;<\/a>\n\t\t\t\t\t\t\t\t\t<\/li>\n\t\t\t\t\t\t\t\t\t\t\t<li>\n\t\t\t\t\t<a href=\"http:\/\/otwartyumysl.org\/index.php\/2025\/01\/02\/projekt-dzienny-osrodek-wsparcia-klub-samopomocy-integra-dla-osob-z-zaburzeniami-psychicznymi-2\/\">PROJEKT \u201eDZIENNY O\u015aRODEK WSPARCIA \u2013 KLUB SAMOPOMOCY \u201eINTEGRA&#8221; DLA OS\u00d3B Z ZABURZENIAMI PSYCHICZNYMI\u201d<\/a>\n\t\t\t\t\t\t\t\t\t<\/li>\n\t\t\t\t\t\t\t\t\t\t\t<li>\n\t\t\t\t\t<a href=\"http:\/\/otwartyumysl.org\/index.php\/2024\/07\/01\/aktywni-w-spolecznosci-lokalnej-2-wyjazdy-turystyczno-rekreacyjne\/\">Aktywni w spo\u0142eczno\u015bci lokalnej \u2013 2 wyjazdy turystyczno-rekreacyjne<\/a>\n\t\t\t\t\t\t\t\t\t<\/li>\n\t\t\t\t\t\t\t\t\t\t\t<li>\n\t\t\t\t\t<a href=\"http:\/\/otwartyumysl.org\/index.php\/2024\/06\/03\/projekt-prowadzenie-dzialan-aktywizujacych-na-rzecz-osob-w-wieku-senioralnym\/\">PROJEKT \u201eProwadzenie dzia\u0142a\u0144 aktywizuj\u0105cych na rzecz os\u00f3b w wieku senioralnym \u201d<\/a>\n\t\t\t\t\t\t\t\t\t<\/li>\n\t\t\t\t\t\t\t\t\t\t\t<li>\n\t\t\t\t\t<a href=\"http:\/\/otwartyumysl.org\/index.php\/2024\/04\/30\/projekt-samodzielnosc-i-sprawczosc-wspieranie-osob-po-kryzysach-psychicznych-w-srodowisku-lokalnym\/\">PROJEKT \u201eSAMODZIELNO\u015a\u0106 I SPRAWCZO\u015a\u0106 \u2013 WSPIERANIE OS\u00d3B PO KRYZYSACH PSYCHICZNYCH W \u015aRODOWISKU LOKALNYM \u201d<\/a>\n\t\t\t\t\t\t\t\t\t<\/li>\n\t\t\t\t\t\t\t\t\t\t\t<li>\n\t\t\t\t\t<a href=\"http:\/\/otwartyumysl.org\/index.php\/2024\/04\/02\/projekt-aktywni-mimo-niepelnosprawnosci\/\">PROJEKT \u201eAktywni mimo niepe\u0142nosprawno\u015bci\u201d<\/a>\n\t\t\t\t\t\t\t\t\t<\/li>\n\t\t\t\t\t\t\t\t\t\t\t<li>\n\t\t\t\t\t<a href=\"http:\/\/otwartyumysl.org\/index.php\/2024\/03\/28\/wielkanoc-2024\/\">Wielkanoc 2024<\/a>\n\t\t\t\t\t\t\t\t\t<\/li>\n\t\t\t\t\t\t\t\t\t\t\t<li>\n\t\t\t\t\t<a href=\"http:\/\/otwartyumysl.org\/index.php\/2024\/03\/01\/spotkanie-autorskie-z-jankiem-borczem\/\">Spotkanie autorskie z Jankiem Borczem<\/a>\n\t\t\t\t\t\t\t\t\t<\/li>\n\t\t\t\t\t\t\t\t\t\t\t<li>\n\t\t\t\t\t<a href=\"http:\/\/otwartyumysl.org\/index.php\/2024\/01\/02\/projekt-prowadzenie-dziennego-osrodka-wsparcia-klubu-samopomocy-dla-osob-z-zaburzeniami-psychicznymi\/\">PROJEKT  \u201ePROWADZENIE DZIENNEGO O\u015aRODKA WSPARCIA \u2013 KLUBU SAMOPOMOCY DLA OS\u00d3B Z ZABURZENIAMI PSYCHICZNYMI\u201d<\/a>\n\t\t\t\t\t\t\t\t\t<\/li>\n\t\t\t\t\t\t\t\t\t\t\t<li>\n\t\t\t\t\t<a href=\"http:\/\/otwartyumysl.org\/index.php\/2023\/12\/21\/boze-narodzenie-2023\/\">Bo\u017ce Narodzenie 2023<\/a>\n\t\t\t\t\t\t\t\t\t<\/li>\n\t\t\t\t\t\t\t\t\t\t\t<li>\n\t\t\t\t\t<a href=\"http:\/\/otwartyumysl.org\/index.php\/2023\/08\/10\/projekt-osoba-niepelnosprawna-pelnoprawnym-czlonkiem-spolecznosci-lokalnej\/\">PROJEKT \u201eOSOBA NIEPE\u0141NOSPRAWNA PE\u0141NOPRAWNYM CZ\u0141ONKIEM SPO\u0141ECZNO\u015aCI LOKALNEJ\u201d<\/a>\n\t\t\t\t\t\t\t\t\t<\/li>\n\t\t\t\t\t\t\t\t\t\t\t<li>\n\t\t\t\t\t<a href=\"http:\/\/otwartyumysl.org\/index.php\/2023\/06\/20\/projekt-poradnictwo-specjalistyczne-niezbedna-pomoc-dla-osob-po-kryzysach-psychicznych\/\">PROJEKT \u201ePORADNICTWO SPECJALISTYCZNE \u2013 NIEZB\u0118DNA POMOC DLA OS\u00d3B PO KRYZYSACH PSYCHICZNYCH\u201d<\/a>\n\t\t\t\t\t\t\t\t\t<\/li>\n\t\t\t\t\t\t\t\t\t\t\t<li>\n\t\t\t\t\t<a href=\"http:\/\/otwartyumysl.org\/index.php\/2023\/06\/20\/projekt-prowadzenie-poradnictwa-psychologicznego-dla-osob-z-niepelnosprawnosciami\/\">PROJEKT \u201ePROWADZENIE PORADNICTWA PSYCHOLOGICZNEGO DLA OS\u00d3B Z NIEPE\u0141NOSPRAWNO\u015aCIAMI\u201d<\/a>\n\t\t\t\t\t\t\t\t\t<\/li>\n\t\t\t\t\t\t\t\t\t\t\t<li>\n\t\t\t\t\t<a href=\"http:\/\/otwartyumysl.org\/index.php\/2023\/04\/06\/wielkanoc-2023\/\">Wielkanoc 2023<\/a>\n\t\t\t\t\t\t\t\t\t<\/li>\n\t\t\t\t\t\t\t\t\t\t\t<li>\n\t\t\t\t\t<a href=\"http:\/\/otwartyumysl.org\/index.php\/2023\/04\/03\/osoba-niepelnosprawna-pelnosprawnym-czlonkiem-spolecznosci-lokalnej\/\">&#8222;Osoba Niepe\u0142nosprawna pe\u0142nosprawnym cz\u0142onkiem spo\u0142eczno\u015bci lokalnej&#8221;<\/a>\n\t\t\t\t\t\t\t\t\t<\/li>\n\t\t\t\t\t\t\t\t\t\t\t<li>\n\t\t\t\t\t<a href=\"http:\/\/otwartyumysl.org\/index.php\/2022\/12\/22\/boze-narodzenie-2022\/\">Bo\u017ce Narodzenie 2022<\/a>\n\t\t\t\t\t\t\t\t\t<\/li>\n\t\t\t\t\t\t\t\t\t\t\t<li>\n\t\t\t\t\t<a href=\"http:\/\/otwartyumysl.org\/index.php\/2022\/11\/25\/integra-w-rzeszowie-bezpieczna-przystan-dla-osob-w-kryzysach-psychicznych\/\">&#8222;Integra&#8221; w Rzeszowie &#8211; bezpieczna przysta\u0144 dla os\u00f3b w kryzysach psychicznych<\/a>\n\t\t\t\t\t\t\t\t\t<\/li>\n\t\t\t\t\t\t\t\t\t\t\t<li>\n\t\t\t\t\t<a href=\"http:\/\/otwartyumysl.org\/index.php\/2022\/11\/25\/powrot-do-zdrowia-powrot-do-pracy-po-kryzysie-psychicznym\/\">\u201ePowr\u00f3t do zdrowia \u2013 powr\u00f3t do pracy\u201d po kryzysie psychicznym<\/a>\n\t\t\t\t\t\t\t\t\t<\/li>\n\t\t\t\t\t\t\t\t\t\t\t<li>\n\t\t\t\t\t<a href=\"http:\/\/otwartyumysl.org\/index.php\/2022\/05\/01\/rzeszow-przyjazny-osobom-z-niepelnosprawnoscia\/\">Rzesz\u00f3w przyjazny osobom z niepe\u0142nosprawno\u015bci\u0105<\/a>\n\t\t\t\t\t\t\t\t\t<\/li>\n\t\t\t\t\t\t\t\t\t\t\t<li>\n\t\t\t\t\t<a href=\"http:\/\/otwartyumysl.org\/index.php\/2022\/04\/13\/wielkanoc-2022\/\">Wielkanoc 2022<\/a>\n\t\t\t\t\t\t\t\t\t<\/li>\n\t\t\t\t\t\t\t\t\t\t\t<li>\n\t\t\t\t\t<a href=\"http:\/\/otwartyumysl.org\/index.php\/2022\/04\/12\/projekt-przeciwdzialanie-negatywnym-skutkom-wywolanym-przez-pandemie-pomoc-psychologiczna-szansa-na-powrot-do-rownowagi-psychicznej\/\">PROJEKT \u201ePRZECIWDZIA\u0141ANIE NEGATYWNYM SKUTKOM WYWO\u0141ANYM PRZEZ PANDEMI\u0118 &#8211; POMOC PSYCHOLOGICZNA SZANS\u0104 NA POWR\u00d3T DO R\u00d3WNOWAGI PSYCHICZNEJ\u201d<\/a>\n\t\t\t\t\t\t\t\t\t<\/li>\n\t\t\t\t\t\t\t\t\t\t\t<li>\n\t\t\t\t\t<a href=\"http:\/\/otwartyumysl.org\/index.php\/2022\/03\/30\/projekt-aktywnosc-szansa-na-zdrowie-zapobieganie-zaburzeniom-psychicznym-oraz-wsparcie-w-okresie-pandemii\/\">PROJEKT \u201eAKTYWNO\u015a\u0106 SZANS\u0104 NA ZDROWIE- ZAPOBIEGANIE ZABURZENIOM PSYCHICZNYM ORAZ WSPARCIE W OKRESIE PANDEMII\u201d<\/a>\n\t\t\t\t\t\t\t\t\t<\/li>\n\t\t\t\t\t\t\t\t\t\t\t<li>\n\t\t\t\t\t<a href=\"http:\/\/otwartyumysl.org\/index.php\/2022\/03\/14\/projekt-rehabilitacja-spoleczna-jako-przeciwdzialanie-marginalizacji-i-wykluczeniu-spolecznemu-w-czasie-pandemii\/\">PROJEKT \u201eREHABILITACJA SPO\u0141ECZNA JAKO PRZECIWDZIA\u0141ANIE MARGINALIZACJI I WYKLUCZENIU SPO\u0141ECZNEMU W CZASIE PANDEMII\u201d<\/a>\n\t\t\t\t\t\t\t\t\t<\/li>\n\t\t\t\t\t\t\t\t\t\t\t<li>\n\t\t\t\t\t<a href=\"http:\/\/otwartyumysl.org\/index.php\/2021\/12\/22\/boze-narodzenie\/\">Bo\u017ce Narodzenie<\/a>\n\t\t\t\t\t\t\t\t\t<\/li>\n\t\t\t\t\t\t\t\t\t\t\t<li>\n\t\t\t\t\t<a href=\"http:\/\/otwartyumysl.org\/index.php\/2021\/12\/20\/podziekowania-2\/\">Podzi\u0119kowania<\/a>\n\t\t\t\t\t\t\t\t\t<\/li>\n\t\t\t\t\t\t\t\t\t\t\t<li>\n\t\t\t\t\t<a href=\"http:\/\/otwartyumysl.org\/index.php\/2021\/12\/16\/szkolenie-pn-dialog-i-proces-stanowienia-prawa-w-ochronie-zdrowia\/\">Szkolenie pn &#8222;Dialog i proces stanowienia prawa w ochronie zdrowia&#8221;<\/a>\n\t\t\t\t\t\t\t\t\t<\/li>\n\t\t\t\t\t\t\t\t\t\t\t<li>\n\t\t\t\t\t<a href=\"http:\/\/otwartyumysl.org\/index.php\/2021\/11\/15\/poradnia-praw-pacjenta-przy-instytucie-praw-pacjenta-i-edukacji-zdrowotnej\/\">Poradnia Praw Pacjenta przy Instytucie Praw Pacjenta i Edukacji Zdrowotnej<\/a>\n\t\t\t\t\t\t\t\t\t<\/li>\n\t\t\t\t\t\t\t\t\t\t\t<li>\n\t\t\t\t\t<a href=\"http:\/\/otwartyumysl.org\/index.php\/2021\/11\/12\/siec-dla-zdrowia\/\">&#8222;Sie\u0107 dla zdrowia&#8221;<\/a>\n\t\t\t\t\t\t\t\t\t<\/li>\n\t\t\t\t\t\t\t\t\t\t\t<li>\n\t\t\t\t\t<a href=\"http:\/\/otwartyumysl.org\/index.php\/2021\/10\/20\/szkolenie-pn-system-ochrony-zdrowia-w-polsce-aktualne-dane\/\">Szkolenie pn. \u201eSystem ochrony zdrowia w Polsce &#8211; aktualne dane&#8221;<\/a>\n\t\t\t\t\t\t\t\t\t<\/li>\n\t\t\t\t\t\t\t\t\t\t\t<li>\n\t\t\t\t\t<a href=\"http:\/\/otwartyumysl.org\/index.php\/2021\/03\/28\/podziekowania\/\">PODZI\u0118KOWANIA<\/a>\n\t\t\t\t\t\t\t\t\t<\/li>\n\t\t\t\t\t\t\t\t\t\t\t<li>\n\t\t\t\t\t<a href=\"http:\/\/otwartyumysl.org\/index.php\/2021\/03\/21\/bezplatna-poradnia-praw-pacjenta\/\">BEZP\u0141ATNA PORADNIA PRAW PACJENTA<\/a>\n\t\t\t\t\t\t\t\t\t<\/li>\n\t\t\t\t\t\t\t\t\t\t\t<li>\n\t\t\t\t\t<a href=\"http:\/\/otwartyumysl.org\/index.php\/2021\/03\/14\/projekt-przeciwdzialanie-wykluczeniu-spolecznemu-w-dobie-pandemii\/\">PROJEKT &#8222;PRZECIWDZIA\u0141ANIE WYKLUCZENIU SPO\u0141ECZNEMU W DOBIE PANDEMII&#8221;<\/a>\n\t\t\t\t\t\t\t\t\t<\/li>\n\t\t\t\t\t\t\t\t\t\t\t<li>\n\t\t\t\t\t<a href=\"http:\/\/otwartyumysl.org\/index.php\/2021\/03\/04\/wielkanoc\/\">WIELKANOC<\/a>\n\t\t\t\t\t\t\t\t\t<\/li>\n\t\t\t\t\t\t\t\t\t\t\t<li>\n\t\t\t\t\t<a href=\"http:\/\/otwartyumysl.org\/index.php\/2021\/02\/25\/projekt-dzienny-osrodek-wsparcia-klub-samopomocy-integra-dla-osob-z-zaburzeniami-psychicznymi\/\">PROJEKT &#8222;DZIENNY O\u015aRODEK WSPARCIA \u2013 KLUB SAMOPOMOCY \u201eINTEGRA \u201e DLA OS\u00d3B Z ZABURZENIAMI PSYCHICZNYMI&#8221;<\/a>\n\t\t\t\t\t\t\t\t\t<\/li>\n\t\t\t\t\t\t\t\t\t\t\t<li>\n\t\t\t\t\t<a href=\"http:\/\/otwartyumysl.org\/index.php\/2021\/01\/05\/projekt-rehabilitacja-i-integracja-w-ramach-zapobiegania-zaburzeniom-psychicznym-w-dobie-pandemii\/\">PROJEKT &#8222;REHABILITACJA I INTEGRACJA W RAMACH ZAPOBIEGANIA ZABURZENIOM PSYCHICZNYM W DOBIE PANDEMII&#8221;<\/a>\n\t\t\t\t\t\t\t\t\t<\/li>\n\t\t\t\t\t\t\t\t\t\t\t<li>\n\t\t\t\t\t<a href=\"http:\/\/otwartyumysl.org\/index.php\/2020\/12\/22\/zyczenia-swiateczne\/\">\u017bYCZENIA \u015aWI\u0104TECZNE<\/a>\n\t\t\t\t\t\t\t\t\t<\/li>\n\t\t\t\t\t\t\t\t\t\t\t<li>\n\t\t\t\t\t<a href=\"http:\/\/otwartyumysl.org\/index.php\/2020\/12\/15\/projekty-realizowane-w-stowarzyszeniu-rodzin-otwarty-umysl-w-roku-2020\/\">Projekty realizowane w Stowarzyszeniu Rodzin &#8222;Otwarty Umys\u0142&#8221; w roku 2020<\/a>\n\t\t\t\t\t\t\t\t\t<\/li>\n\t\t\t\t\t\t\t\t\t\t\t<li>\n\t\t\t\t\t<a href=\"http:\/\/otwartyumysl.org\/index.php\/2020\/06\/26\/walne-zebranie-sprawozdawcze-za-2019-rok\/\">WALNE ZEBRANIE SPRAWOZDAWCZE ZA 2019 ROK<\/a>\n\t\t\t\t\t\t\t\t\t<\/li>\n\t\t\t\t\t<\/ul>\n\n\t\t<\/nav><\/div><\/div><\/div><\/div>","protected":false},"excerpt":{"rendered":"<p>Ostatnie wpisy PROJEKT \u201ePORADNICTWO PSYCHOLOGICZNE DLA OS\u00d3B Z NIEPE\u0141NOSPRAWNO\u015aCIAMI\u201d Terapia zaj\u0119ciowa w schizofrenii to codzienno\u015b\u0107, kt\u00f3ra leczy&#8230; \ud83c\udf3f\ud83d\udc9a Aktywny wypoczynek wsparciem procesu zdrowienia \ud83d\udc9a\ud83c\udf3f Audycja Cz\u0142owiek Cz\u0142owiekowi \u201ePoradnictwo psychologiczne dla os\u00f3b z niepe\u0142nosprawno\u015bciami\u201d \u201eAktywna rehabilitacja \u2013 wsparcie dla os\u00f3b z niepe\u0142nosprawno\u015bciami\u201d ,,Dzienny O\u015brodek Wsparcia&#8230;&#8221; PROJEKT \u201eDZIENNY O\u015aRODEK WSPARCIA \u2013 KLUB SAMOPOMOCY \u201eINTEGRA&#8221; DLA OS\u00d3B Z <a class=\"read-more\" href=\"http:\/\/otwartyumysl.org\/index.php\/aktualnosci-3\/\">Czytaj dalej<\/a><\/p>\n","protected":false},"author":2,"featured_media":0,"parent":0,"menu_order":0,"comment_status":"closed","ping_status":"closed","template":"","meta":{"_uag_custom_page_level_css":"","pgc_sgb_lightbox_settings":"","footnotes":""},"class_list":["post-2110","page","type-page","status-publish","hentry"],"uagb_featured_image_src":{"full":false,"thumbnail":false,"medium":false,"medium_large":false,"large":false,"1536x1536":false,"2048x2048":false,"oceanic_blog_img_side":false,"sow-carousel-default":false},"uagb_author_info":{"display_name":"Barbara Oleksi\u0144ska","author_link":"http:\/\/otwartyumysl.org\/index.php\/author\/b-oleksinska\/"},"uagb_comment_info":0,"uagb_excerpt":"Ostatnie wpisy PROJEKT \u201ePORADNICTWO PSYCHOLOGICZNE DLA OS\u00d3B Z NIEPE\u0141NOSPRAWNO\u015aCIAMI\u201d Terapia zaj\u0119ciowa w schizofrenii to codzienno\u015b\u0107, kt\u00f3ra leczy&#8230; \ud83c\udf3f\ud83d\udc9a Aktywny wypoczynek wsparciem procesu zdrowienia \ud83d\udc9a\ud83c\udf3f Audycja Cz\u0142owiek Cz\u0142owiekowi \u201ePoradnictwo psychologiczne dla os\u00f3b z niepe\u0142nosprawno\u015bciami\u201d \u201eAktywna rehabilitacja \u2013 wsparcie dla os\u00f3b z niepe\u0142nosprawno\u015bciami\u201d ,,Dzienny O\u015brodek Wsparcia&#8230;&#8221; PROJEKT \u201eDZIENNY O\u015aRODEK WSPARCIA \u2013 KLUB SAMOPOMOCY \u201eINTEGRA&#8221; DLA OS\u00d3B Z&hellip;","_links":{"self":[{"href":"http:\/\/otwartyumysl.org\/index.php\/wp-json\/wp\/v2\/pages\/2110","targetHints":{"allow":["GET"]}}],"collection":[{"href":"http:\/\/otwartyumysl.org\/index.php\/wp-json\/wp\/v2\/pages"}],"about":[{"href":"http:\/\/otwartyumysl.org\/index.php\/wp-json\/wp\/v2\/types\/page"}],"author":[{"embeddable":true,"href":"http:\/\/otwartyumysl.org\/index.php\/wp-json\/wp\/v2\/users\/2"}],"replies":[{"embeddable":true,"href":"http:\/\/otwartyumysl.org\/index.php\/wp-json\/wp\/v2\/comments?post=2110"}],"version-history":[{"count":7,"href":"http:\/\/otwartyumysl.org\/index.php\/wp-json\/wp\/v2\/pages\/2110\/revisions"}],"predecessor-version":[{"id":2143,"href":"http:\/\/otwartyumysl.org\/index.php\/wp-json\/wp\/v2\/pages\/2110\/revisions\/2143"}],"wp:attachment":[{"href":"http:\/\/otwartyumysl.org\/index.php\/wp-json\/wp\/v2\/media?parent=2110"}],"curies":[{"name":"wp","href":"https:\/\/api.w.org\/{rel}","templated":true}]}}