{"id":260,"date":"2021-07-08T12:41:16","date_gmt":"2021-07-08T10:41:16","guid":{"rendered":"http:\/\/otwartyumysl.ippez.pl\/?page_id=260"},"modified":"2022-01-04T13:48:39","modified_gmt":"2022-01-04T12:48:39","slug":"polityka-cookies","status":"publish","type":"page","link":"http:\/\/otwartyumysl.org\/index.php\/polityka-cookies\/","title":{"rendered":"POLITYKA COOKIES"},"content":{"rendered":"<div class=\"blog-post \">\n<div class=\"container\">\n<article id=\"post-71\" class=\"section section-text\">\n<div class=\"row\">\n<div class=\"col-md-8 page-content-wrap  col-md-offset-2\">\n<div class=\"inner-wrap\">\n<div id=\"primary\">\n<div id=\"content\" class=\"clearfix\">\n<article id=\"post-1396\" class=\"post-1396 page type-page status-publish hentry\">\n<div class=\"entry-content clearfix\">\n<section id=\"page-content-bg\">\n<div class=\"container\">\n<div class=\"row\">\n<div class=\"col-xs-24 col-sm-24 col-md-24 col-lg-24\">\n<div class=\"page-content-text\">\n<p><span class=\"text-500\">Informujemy, \u017ce korzystaj\u0105c ze strony www.otwartyumysl.org wyra\u017casz zgod\u0119 na wykorzystanie plik\u00f3w cookies.<\/span><br \/>\nIstnieje mo\u017cliwo\u015b\u0107 korzystania ze strony internetowej bez wykorzystywania mechanizmu cookies, ale mo\u017ce to oznacza\u0107, \u017ce niekt\u00f3re funkcje lub us\u0142ugi witryny nie b\u0119d\u0105 dzia\u0142a\u0107 poprawnie.<\/p>\n<p>Je\u015bli nie wyra\u017casz zgody na korzystanie z plik\u00f3w cookies mo\u017cesz w ka\u017cdej chwili dokona\u0107 zmiany ustawie\u0144 swojej przegl\u0105darki, aby zablokowa\u0107 obs\u0142ug\u0119 plik\u00f3w (cookies) lub ka\u017cdorazowo uzyskiwa\u0107 informacje o ich umieszczeniu w swoim urz\u0105dzeniu. Inne dost\u0119pne opcje mo\u017cna sprawdzi\u0107 w ustawieniach swojej przegl\u0105darki internetowej. Nale\u017cy pami\u0119ta\u0107, \u017ce wi\u0119kszo\u015b\u0107 przegl\u0105darek domy\u015blnie jest ustawione na akceptacj\u0119 zapisu plik\u00f3w (cookies) w urz\u0105dzeniu ko\u0144cowym.<\/p>\n<h4><span class=\"text-500\">Czym s\u0105 pliki cookies?<\/span><\/h4>\n<p>To niewielkie pliki tekstowe, nazywane ciasteczkami (z ang. cookie \u2013 ciastko), wysy\u0142ane przez serwis internetowy, kt\u00f3ry odwiedzamy i zapisywane na urz\u0105dzeniu ko\u0144cowym (komputerze, laptopie, smartfonie), z kt\u00f3rego korzystamy podczas przegl\u0105dania stron internetowych. Pe\u0142ni\u0105 one szereg funkcji, kt\u00f3re maj\u0105 wp\u0142yw na Twoj\u0105 wygod\u0119 i bezpiecze\u0144stwo przegl\u0105dania stron internetowych. Ciasteczka umo\u017cliwiaj\u0105 m.in. zapami\u0119tanie preferencji i personalizowanie stron internetowych w zakresie wy\u015bwietlanych tre\u015bci.<\/p>\n<h4><span class=\"text-500\">Do czego wykorzystujemy pliki cookies?<\/span><\/h4>\n<p>Wykorzystujemy pliki cookies do obserwacji sposob\u00f3w u\u017cytkowania strony, dzi\u0119ki czemu mo\u017cemy zapewni\u0107 jej lepsze dopasowanie do oczekiwa\u0144 i preferencji ka\u017cdego u\u017cytkownika. Korzystaj\u0105c z plik\u00f3w cookies nie przechowujemy Twoich danych osobowych, ani innych poufnych informacji.<\/p>\n<h4><span class=\"text-500\">Pliki cookies wykorzystywane s\u0105 w celu:<\/span><\/h4>\n<ul>\n<li>dostosowania zawarto\u015bci stron internetowych do preferencji U\u017cytkownika oraz optymalizacji korzystania ze strony internetowej;<\/li>\n<li>tworzenia statystyk, kt\u00f3re pomagaj\u0105 zrozumie\u0107, w jaki spos\u00f3b U\u017cytkownicy serwisu korzystaj\u0105 ze stron internetowych, co umo\u017cliwia ulepszanie ich struktury i zawarto\u015bci.<\/li>\n<\/ul>\n<h4><span class=\"text-500\">Z jakiego rodzaju plik\u00f3w cookies korzystamy?<\/span><\/h4>\n<p>W ramach strony stosowane s\u0105 dwa zasadnicze rodzaje plik\u00f3w cookies: \u201esesyjne\u201d (session cookies) oraz \u201esta\u0142e\u201d (persistent cookies). Cookies \u201esesyjne\u201d s\u0105 plikami tymczasowymi, kt\u00f3re przechowywane s\u0105 w urz\u0105dzeniu ko\u0144cowym U\u017cytkownika do czasu opuszczenia strony internetowej lub wy\u0142\u0105czenia oprogramowania (przegl\u0105darki internetowej). \u201eSta\u0142e\u201d pliki cookies przechowywane s\u0105 w urz\u0105dzeniu ko\u0144cowym U\u017cytkownika przez czas okre\u015blony w parametrach plik\u00f3w cookies lub do czasu ich usuni\u0119cia przez U\u017cytkownika.<\/p>\n<\/div>\n<\/div>\n<\/div>\n<\/div>\n<\/section>\n<\/div>\n<\/article>\n<\/div>\n<\/div>\n<\/div>\n<\/div>\n<\/div>\n<\/article>\n<\/div>\n<\/div>\n","protected":false},"excerpt":{"rendered":"<p>Informujemy, \u017ce korzystaj\u0105c ze strony www.otwartyumysl.org wyra\u017casz zgod\u0119 na wykorzystanie plik\u00f3w cookies. Istnieje mo\u017cliwo\u015b\u0107 korzystania ze strony internetowej bez wykorzystywania mechanizmu cookies, ale mo\u017ce to oznacza\u0107, \u017ce niekt\u00f3re funkcje lub us\u0142ugi witryny nie b\u0119d\u0105 dzia\u0142a\u0107 poprawnie. Je\u015bli nie wyra\u017casz zgody na korzystanie z plik\u00f3w cookies mo\u017cesz w ka\u017cdej chwili dokona\u0107 zmiany ustawie\u0144 swojej przegl\u0105darki, aby <a class=\"read-more\" href=\"http:\/\/otwartyumysl.org\/index.php\/polityka-cookies\/\">Czytaj dalej<\/a><\/p>\n","protected":false},"author":1,"featured_media":0,"parent":0,"menu_order":0,"comment_status":"closed","ping_status":"closed","template":"","meta":{"_uag_custom_page_level_css":"","pgc_sgb_lightbox_settings":"","footnotes":""},"class_list":["post-260","page","type-page","status-publish","hentry"],"uagb_featured_image_src":{"full":false,"thumbnail":false,"medium":false,"medium_large":false,"large":false,"1536x1536":false,"2048x2048":false,"oceanic_blog_img_side":false,"sow-carousel-default":false},"uagb_author_info":{"display_name":"otwartyadminumysl","author_link":"http:\/\/otwartyumysl.org\/index.php\/author\/otwartyadminumysl\/"},"uagb_comment_info":0,"uagb_excerpt":"Informujemy, \u017ce korzystaj\u0105c ze strony www.otwartyumysl.org wyra\u017casz zgod\u0119 na wykorzystanie plik\u00f3w cookies. Istnieje mo\u017cliwo\u015b\u0107 korzystania ze strony internetowej bez wykorzystywania mechanizmu cookies, ale mo\u017ce to oznacza\u0107, \u017ce niekt\u00f3re funkcje lub us\u0142ugi witryny nie b\u0119d\u0105 dzia\u0142a\u0107 poprawnie. Je\u015bli nie wyra\u017casz zgody na korzystanie z plik\u00f3w cookies mo\u017cesz w ka\u017cdej chwili dokona\u0107 zmiany ustawie\u0144 swojej przegl\u0105darki, aby&hellip;","_links":{"self":[{"href":"http:\/\/otwartyumysl.org\/index.php\/wp-json\/wp\/v2\/pages\/260","targetHints":{"allow":["GET"]}}],"collection":[{"href":"http:\/\/otwartyumysl.org\/index.php\/wp-json\/wp\/v2\/pages"}],"about":[{"href":"http:\/\/otwartyumysl.org\/index.php\/wp-json\/wp\/v2\/types\/page"}],"author":[{"embeddable":true,"href":"http:\/\/otwartyumysl.org\/index.php\/wp-json\/wp\/v2\/users\/1"}],"replies":[{"embeddable":true,"href":"http:\/\/otwartyumysl.org\/index.php\/wp-json\/wp\/v2\/comments?post=260"}],"version-history":[{"count":3,"href":"http:\/\/otwartyumysl.org\/index.php\/wp-json\/wp\/v2\/pages\/260\/revisions"}],"predecessor-version":[{"id":1127,"href":"http:\/\/otwartyumysl.org\/index.php\/wp-json\/wp\/v2\/pages\/260\/revisions\/1127"}],"wp:attachment":[{"href":"http:\/\/otwartyumysl.org\/index.php\/wp-json\/wp\/v2\/media?parent=260"}],"curies":[{"name":"wp","href":"https:\/\/api.w.org\/{rel}","templated":true}]}}