{"id":333,"date":"2021-07-09T13:06:19","date_gmt":"2021-07-09T11:06:19","guid":{"rendered":"http:\/\/otwartyumysl.ippez.pl\/?page_id=333"},"modified":"2021-07-09T13:19:16","modified_gmt":"2021-07-09T11:19:16","slug":"333-2","status":"publish","type":"page","link":"http:\/\/otwartyumysl.org\/index.php\/333-2\/","title":{"rendered":"PRZEWODNIK PO DOST\u0118PNYCH FORMACH OPIEKI ZDROWOTNEJ, POMOCY SPO\u0141ECZNEJ I AKTYWIZACJI ZAWODOWEJ DLA OS\u00d3B Z ZABURZENIAMI PSYCHICZNYMI"},"content":{"rendered":"\n<p><strong>I. Opieka zdrowotna i pomoc spo\u0142eczna \u2013 doro\u015bli<\/strong><\/p>\n\n\n\n<iframe loading=\"lazy\" src=\"https:\/\/www.google.com\/maps\/d\/u\/0\/embed?mid=1eXRVw8CuiLHi9RTPWOI8I5y48Af2coGL\" width=\"1200\" height=\"480\"><\/iframe>\n\n\n\n<div style=\"height:100px\" aria-hidden=\"true\" class=\"wp-block-spacer\"><\/div>\n\n\n\n<p><strong>II. Opieka zdrowotna i pomoc spo\u0142eczna \u2013 dzieci i m\u0142odzie\u017c<\/strong><\/p>\n\n\n\n<iframe loading=\"lazy\" src=\"https:\/\/www.google.com\/maps\/d\/u\/0\/embed?mid=1pOB6r-angvi3CSWTI2wlh6fF7K_3vE94\" width=\"1200\" height=\"480\"><\/iframe>\n\n\n\n<div style=\"height:100px\" aria-hidden=\"true\" class=\"wp-block-spacer\"><\/div>\n\n\n\n<p><strong>III. Organizacje Pozarz\u0105dowe i Aktywizacja Zawodowa<\/strong><\/p>\n\n\n\n<iframe loading=\"lazy\" src=\"https:\/\/www.google.com\/maps\/d\/u\/0\/embed?mid=14kRdOWwJJx9jOxtzCf-7KtkVM2rzSWl2\" width=\"1200\" height=\"480\"><\/iframe>\n\n\n\n<div style=\"height:100px\" aria-hidden=\"true\" class=\"wp-block-spacer\"><\/div>\n\n\n\n<p class=\"has-text-align-center\">Stowarzyszenie Rodzin \u201eOTWARTY UMYS\u0141\u201d <\/p>\n\n\n\n<p class=\"has-text-align-center\">ul. Kraszewskiego 1, 35-016 Rzesz\u00f3w <\/p>\n\n\n\n<p class=\"has-text-align-center\">telefon: 664 739 233, 664 739 232 <\/p>\n\n\n\n<p class=\"has-text-align-center\"><a href=\"http:\/\/otwartyumysl.org\">http\/\/www.otwartyumysl.org\/<\/a><\/p>\n\n\n\n<h3 class=\"wp-block-heading\">&nbsp;<\/h3>\n\n\n\n<p><\/p>\n","protected":false},"excerpt":{"rendered":"<p>I. Opieka zdrowotna i pomoc spo\u0142eczna \u2013 doro\u015bli II. Opieka zdrowotna i pomoc spo\u0142eczna \u2013 dzieci i m\u0142odzie\u017c III. Organizacje Pozarz\u0105dowe i Aktywizacja Zawodowa Stowarzyszenie Rodzin \u201eOTWARTY UMYS\u0141\u201d ul. Kraszewskiego 1, 35-016 Rzesz\u00f3w telefon: 664 739 233, 664 739 232 http\/\/www.otwartyumysl.org\/ &nbsp;<\/p>\n","protected":false},"author":1,"featured_media":0,"parent":0,"menu_order":0,"comment_status":"closed","ping_status":"closed","template":"","meta":{"_uag_custom_page_level_css":"","pgc_sgb_lightbox_settings":"","footnotes":""},"class_list":["post-333","page","type-page","status-publish","hentry"],"uagb_featured_image_src":{"full":false,"thumbnail":false,"medium":false,"medium_large":false,"large":false,"1536x1536":false,"2048x2048":false,"oceanic_blog_img_side":false,"sow-carousel-default":false},"uagb_author_info":{"display_name":"otwartyadminumysl","author_link":"http:\/\/otwartyumysl.org\/index.php\/author\/otwartyadminumysl\/"},"uagb_comment_info":0,"uagb_excerpt":"I. Opieka zdrowotna i pomoc spo\u0142eczna \u2013 doro\u015bli II. Opieka zdrowotna i pomoc spo\u0142eczna \u2013 dzieci i m\u0142odzie\u017c III. Organizacje Pozarz\u0105dowe i Aktywizacja Zawodowa Stowarzyszenie Rodzin \u201eOTWARTY UMYS\u0141\u201d ul. Kraszewskiego 1, 35-016 Rzesz\u00f3w telefon: 664 739 233, 664 739 232 http\/\/www.otwartyumysl.org\/ &nbsp;","_links":{"self":[{"href":"http:\/\/otwartyumysl.org\/index.php\/wp-json\/wp\/v2\/pages\/333","targetHints":{"allow":["GET"]}}],"collection":[{"href":"http:\/\/otwartyumysl.org\/index.php\/wp-json\/wp\/v2\/pages"}],"about":[{"href":"http:\/\/otwartyumysl.org\/index.php\/wp-json\/wp\/v2\/types\/page"}],"author":[{"embeddable":true,"href":"http:\/\/otwartyumysl.org\/index.php\/wp-json\/wp\/v2\/users\/1"}],"replies":[{"embeddable":true,"href":"http:\/\/otwartyumysl.org\/index.php\/wp-json\/wp\/v2\/comments?post=333"}],"version-history":[{"count":7,"href":"http:\/\/otwartyumysl.org\/index.php\/wp-json\/wp\/v2\/pages\/333\/revisions"}],"predecessor-version":[{"id":342,"href":"http:\/\/otwartyumysl.org\/index.php\/wp-json\/wp\/v2\/pages\/333\/revisions\/342"}],"wp:attachment":[{"href":"http:\/\/otwartyumysl.org\/index.php\/wp-json\/wp\/v2\/media?parent=333"}],"curies":[{"name":"wp","href":"https:\/\/api.w.org\/{rel}","templated":true}]}}