{"id":44,"date":"2021-07-06T12:35:45","date_gmt":"2021-07-06T10:35:45","guid":{"rendered":"http:\/\/otwartyumysl.ippez.pl\/?page_id=44"},"modified":"2021-07-06T12:38:25","modified_gmt":"2021-07-06T10:38:25","slug":"o-nas","status":"publish","type":"page","link":"http:\/\/otwartyumysl.org\/index.php\/o-nas\/","title":{"rendered":"O NAS"},"content":{"rendered":"<p>Stowarzyszenie Rodzin &#8221; Otwarty Umys\u0142 &#8221; w Rzeszowie powsta\u0142o z inicjatywy rodzin os\u00f3b po przebytych kryzysach psychicznych.<\/p>\n<p>Zosta\u0142o zarejestrowane i otrzyma\u0142o osobowo\u015b\u0107 prawn\u0105 w dniu 24 wrze\u015bnia 2003 roku, a od pa\u017adziernika 2007 roku jest organizacj\u0105 po\u017cytku publicznego.<\/p>\n<p>Stowarzyszenie jest organizacj\u0105 non &#8211; profit, nie prowadzi dzia\u0142alno\u015bci gospodarczej. Utrzymuje si\u0119 ze sk\u0142adek, darowizn, projekt\u00f3w: Wydzia\u0142u Zdrowia Urz\u0119du Miasta Rzeszowa, Prezydenta Miasta Rzeszowa, Regionalnego O\u015brodka Polityki Spo\u0142ecznej, Ministerstwa Pracy i Polityki Spo\u0142ecznej, PFRON, 1%.<\/p>\n<p><b>Misj\u0105 Stowarzyszenia Rodzin &#8222;Otwarty Umys\u0142&#8221; jest wspieranie rodzin i niepe\u0142nosprawnych w chorobie (schizofrenii), rehabilitowanie spo\u0142eczne oraz integrowanie ze spo\u0142eczno\u015bci\u0105 lokaln\u0105.<\/b><\/p>\n<p>Budujemy partnersk\u0105 wsp\u00f3\u0142prac\u0119:<\/p>\n<p><b>OSOBA CHORUJ\u0104CA &#8211; TERAPEUCI &#8211; RODZINA<\/b><\/p>\n","protected":false},"excerpt":{"rendered":"<p>Stowarzyszenie Rodzin &#8221; Otwarty Umys\u0142 &#8221; w Rzeszowie powsta\u0142o z inicjatywy rodzin os\u00f3b po przebytych kryzysach psychicznych. Zosta\u0142o zarejestrowane i otrzyma\u0142o osobowo\u015b\u0107 prawn\u0105 w dniu 24 wrze\u015bnia 2003 roku, a od pa\u017adziernika 2007 roku jest organizacj\u0105 po\u017cytku publicznego. Stowarzyszenie jest organizacj\u0105 non &#8211; profit, nie prowadzi dzia\u0142alno\u015bci gospodarczej. Utrzymuje si\u0119 ze sk\u0142adek, darowizn, projekt\u00f3w: Wydzia\u0142u <a class=\"read-more\" href=\"http:\/\/otwartyumysl.org\/index.php\/o-nas\/\">Czytaj dalej<\/a><\/p>\n","protected":false},"author":1,"featured_media":0,"parent":0,"menu_order":0,"comment_status":"closed","ping_status":"closed","template":"template-full-width.php","meta":{"_uag_custom_page_level_css":"","pgc_sgb_lightbox_settings":"","footnotes":""},"class_list":["post-44","page","type-page","status-publish","hentry"],"uagb_featured_image_src":{"full":false,"thumbnail":false,"medium":false,"medium_large":false,"large":false,"1536x1536":false,"2048x2048":false,"oceanic_blog_img_side":false,"sow-carousel-default":false},"uagb_author_info":{"display_name":"otwartyadminumysl","author_link":"http:\/\/otwartyumysl.org\/index.php\/author\/otwartyadminumysl\/"},"uagb_comment_info":0,"uagb_excerpt":"Stowarzyszenie Rodzin &#8221; Otwarty Umys\u0142 &#8221; w Rzeszowie powsta\u0142o z inicjatywy rodzin os\u00f3b po przebytych kryzysach psychicznych. Zosta\u0142o zarejestrowane i otrzyma\u0142o osobowo\u015b\u0107 prawn\u0105 w dniu 24 wrze\u015bnia 2003 roku, a od pa\u017adziernika 2007 roku jest organizacj\u0105 po\u017cytku publicznego. Stowarzyszenie jest organizacj\u0105 non &#8211; profit, nie prowadzi dzia\u0142alno\u015bci gospodarczej. Utrzymuje si\u0119 ze sk\u0142adek, darowizn, projekt\u00f3w: Wydzia\u0142u&hellip;","_links":{"self":[{"href":"http:\/\/otwartyumysl.org\/index.php\/wp-json\/wp\/v2\/pages\/44","targetHints":{"allow":["GET"]}}],"collection":[{"href":"http:\/\/otwartyumysl.org\/index.php\/wp-json\/wp\/v2\/pages"}],"about":[{"href":"http:\/\/otwartyumysl.org\/index.php\/wp-json\/wp\/v2\/types\/page"}],"author":[{"embeddable":true,"href":"http:\/\/otwartyumysl.org\/index.php\/wp-json\/wp\/v2\/users\/1"}],"replies":[{"embeddable":true,"href":"http:\/\/otwartyumysl.org\/index.php\/wp-json\/wp\/v2\/comments?post=44"}],"version-history":[{"count":2,"href":"http:\/\/otwartyumysl.org\/index.php\/wp-json\/wp\/v2\/pages\/44\/revisions"}],"predecessor-version":[{"id":49,"href":"http:\/\/otwartyumysl.org\/index.php\/wp-json\/wp\/v2\/pages\/44\/revisions\/49"}],"wp:attachment":[{"href":"http:\/\/otwartyumysl.org\/index.php\/wp-json\/wp\/v2\/media?parent=44"}],"curies":[{"name":"wp","href":"https:\/\/api.w.org\/{rel}","templated":true}]}}